{"id":65535,"date":"2017-11-20T06:24:16","date_gmt":"2017-11-20T04:24:16","guid":{"rendered":"http:\/\/lillberga.fi\/lill\/?page_id=65535"},"modified":"2022-02-16T01:25:16","modified_gmt":"2022-02-15T23:25:16","slug":"teemoja","status":"publish","type":"page","link":"https:\/\/lillberga.fi\/lill\/teemoja\/","title":{"rendered":"TEEMOJA"},"content":{"rendered":"<div class=\"wpb-content-wrapper\"><p>[vc_row][vc_column width=&#8221;1\/1&#8243;][vc_column_text uncode_shortcode_id=&#8221;952016&#8243;]Alueen talojen v\u00e4rej\u00e4 ja teemoja:<\/p>\n<p>KATTOV\u00c4RIT\u00a0 ovat\u00a0 harmaita<br \/>\nKaton harjana on harjakatolle 1:2,5 eli n 22 ast. , 1:6 puletti eli noin puolet 10 ast ja terasseille 0 astetta ja ne muodostavat sarjan.<br \/>\nYhdist\u00e4m\u00e4ll\u00e4 n\u00e4it\u00e4 saadaan yhten\u00e4inen vaikutelma, mutta v\u00e4ltet\u00e4\u00e4n monotoonisuus alueella. Vaalea harmaa sulautuu taivaavaan<br \/>\nv\u00e4riin ja kevent\u00e4\u00e4 ja tummempi katto tuo ryhti\u00e4 taloon.<\/p>\n<p><img decoding=\"async\" class=\"size-medium wp-image-88 alignleft\" src=\"http:\/\/lillberga.fi\/lill\/wp-content\/uploads\/2017\/11\/2017-11-14_1840-300x191.png\" alt=\"\" width=\"300\" height=\"191\" srcset=\"https:\/\/lillberga.fi\/lill\/wp-content\/uploads\/2017\/11\/2017-11-14_1840-300x191.png 300w, https:\/\/lillberga.fi\/lill\/wp-content\/uploads\/2017\/11\/2017-11-14_1840.png 658w\" sizes=\"(max-width: 300px) 100vw, 300px\" \/><\/p>\n<p>&nbsp;<\/p>\n<p>&nbsp;<\/p>\n<p>&nbsp;<\/p>\n<p>&nbsp;<\/p>\n<p>&nbsp;<\/p>\n<p>&nbsp;<\/p>\n<p>HARMAAT ovat talov\u00e4rein\u00e4kin ja niist\u00e4 saa katon kanssa kokonaisuuden.<br \/>\nNe on ilmoitettu k\u00e4ytt\u00f6kelpoisena harmaan liukuna, josta l\u00f6ytyy sopiva k\u00e4ytt\u00f6kohteen ja pinta-alankin mukaan.<\/p>\n<p><img decoding=\"async\" class=\" wp-image-89 alignleft\" src=\"http:\/\/lillberga.fi\/lill\/wp-content\/uploads\/2017\/11\/2017-11-14_1841-300x42.png\" alt=\"\" width=\"578\" height=\"81\" srcset=\"https:\/\/lillberga.fi\/lill\/wp-content\/uploads\/2017\/11\/2017-11-14_1841-300x42.png 300w, https:\/\/lillberga.fi\/lill\/wp-content\/uploads\/2017\/11\/2017-11-14_1841-768x107.png 768w, https:\/\/lillberga.fi\/lill\/wp-content\/uploads\/2017\/11\/2017-11-14_1841.png 908w\" sizes=\"(max-width: 578px) 100vw, 578px\" \/><\/p>\n<p>&nbsp;<\/p>\n<p>&nbsp;<\/p>\n<p>&nbsp;<\/p>\n<p>Alueille talon perusv\u00e4rein\u00e4 ja materiaaleina eri v\u00e4rej\u00e4 kortteleittain rakennustapaselosteen mukaan:<\/p>\n<p>&nbsp;<\/p>\n<p><img decoding=\"async\" class=\" wp-image-96 alignleft\" src=\"http:\/\/lillberga.fi\/lill\/wp-content\/uploads\/2017\/11\/2017-11-14_1845_002-300x178.png\" alt=\"\" width=\"437\" height=\"259\" srcset=\"https:\/\/lillberga.fi\/lill\/wp-content\/uploads\/2017\/11\/2017-11-14_1845_002-300x178.png 300w, https:\/\/lillberga.fi\/lill\/wp-content\/uploads\/2017\/11\/2017-11-14_1845_002-768x455.png 768w, https:\/\/lillberga.fi\/lill\/wp-content\/uploads\/2017\/11\/2017-11-14_1845_002-470x280.png 470w, https:\/\/lillberga.fi\/lill\/wp-content\/uploads\/2017\/11\/2017-11-14_1845_002.png 818w\" sizes=\"(max-width: 437px) 100vw, 437px\" \/><\/p>\n<p><img decoding=\"async\" class=\"size-medium wp-image-94 alignleft\" src=\"http:\/\/lillberga.fi\/lill\/wp-content\/uploads\/2017\/11\/2017-11-14_1845-300x257.png\" alt=\"\" width=\"300\" height=\"257\" srcset=\"https:\/\/lillberga.fi\/lill\/wp-content\/uploads\/2017\/11\/2017-11-14_1845-300x257.png 300w, https:\/\/lillberga.fi\/lill\/wp-content\/uploads\/2017\/11\/2017-11-14_1845.png 506w\" sizes=\"(max-width: 300px) 100vw, 300px\" \/><\/p>\n<p>&nbsp;<\/p>\n<p>&nbsp;<\/p>\n<p>&nbsp;<\/p>\n<p>&nbsp;<\/p>\n<p>&nbsp;<\/p>\n<p>&nbsp;<\/p>\n<p>&nbsp;<\/p>\n<p><img decoding=\"async\" class=\"wp-image-91 alignleft\" src=\"http:\/\/lillberga.fi\/lill\/wp-content\/uploads\/2017\/11\/2017-11-14_1843-300x218.png\" alt=\"\" width=\"365\" height=\"266\" srcset=\"https:\/\/lillberga.fi\/lill\/wp-content\/uploads\/2017\/11\/2017-11-14_1843-300x218.png 300w, https:\/\/lillberga.fi\/lill\/wp-content\/uploads\/2017\/11\/2017-11-14_1843.png 637w\" sizes=\"(max-width: 365px) 100vw, 365px\" \/><\/p>\n<p>&nbsp;<\/p>\n<p>&nbsp;<\/p>\n<p>&nbsp;<\/p>\n<p>&nbsp;<\/p>\n<p>&nbsp;<\/p>\n<p>&nbsp;<\/p>\n<p>&nbsp;<\/p>\n<p>&nbsp;<\/p>\n<p>V\u00e4reiksi on valittu moderniin pulpettikattoiseen taloon soveltuvat ja my\u00f6s perinteisemp\u00e4\u00e4n harjakattoiseen<br \/>\nsoveltuvat tyylit. Varsinkin pellon rinteell\u00e4 saa olla v\u00e4rikk\u00e4\u00e4mp\u00e4\u00e4kin tyyli\u00e4, teemana on l\u00e4mpim\u00e4t maa- ja puus\u00e4vyt.<br \/>\nMukana on ajan hengen harmaaoranssi, joka on l\u00e4hell\u00e4 puun s\u00e4vyj\u00e4. Mukana on my\u00f6s l\u00e4mmin harmaa skaala, joka<br \/>\nsopii l\u00e4mpim\u00e4mp\u00e4\u00e4n tyyliin. Puhdas harmaa sopii kaikkin v\u00e4reihin, korostaa muotoja\u00a0 ja sopii modernimpaan<br \/>\nviilemp\u00e4\u00e4n tyyliin. Puun s\u00e4vyin\u00e4 on pidetty mieless\u00e4 l\u00e4mp\u00f6k\u00e4sitelty\u00e4 puuta\u00a0 ja muodikasta v\u00e4rj\u00e4tty\u00e4 ruskeampaa<br \/>\nherkullisen suklaan s\u00e4vymaailmaa my\u00f6s punaisella piristettyn\u00e4.\u00a0 Alueella on huomioitu my\u00f6s, ett\u00e4 tumman siniset<br \/>\naurinkokennot soveltuvat skaalaan. Tehostev\u00e4rej\u00e4 voi k\u00e4ytt\u00e4\u00e4 vaikka eriv\u00e4sisiss\u00e4 ovissa ja listoissa. Alueen v\u00e4rit<br \/>\nsopivat toisiinsa ja luovat tyylikk\u00e4\u00e4n kokonaisuuden. N\u00e4ill\u00e4 ev\u00e4ill\u00e4suunnittelija pystyy luovaan ty\u00f6h\u00f6n ja loihtimaan<br \/>\najattoman\u00a0 unelma-asunon, joka\u00a0 pit\u00e4\u00e4 arvonsa ja tyylins\u00e4.<br \/>\nMukaan on otettu my\u00f6s perinteisemp\u00e4\u00e4 punamultamaalin ja tiilen s\u00e4vyj\u00e4.<\/p>\n<p><img decoding=\"async\" class=\" wp-image-93 alignleft\" src=\"http:\/\/lillberga.fi\/lill\/wp-content\/uploads\/2017\/11\/2017-11-14_1844_001-300x70.png\" alt=\"\" width=\"437\" height=\"102\" srcset=\"https:\/\/lillberga.fi\/lill\/wp-content\/uploads\/2017\/11\/2017-11-14_1844_001-300x70.png 300w, https:\/\/lillberga.fi\/lill\/wp-content\/uploads\/2017\/11\/2017-11-14_1844_001.png 523w\" sizes=\"(max-width: 437px) 100vw, 437px\" \/><\/p>\n<p>&nbsp;<\/p>\n<p>&nbsp;<\/p>\n<p>&nbsp;<\/p>\n<p><img decoding=\"async\" class=\" wp-image-95 alignleft\" src=\"http:\/\/lillberga.fi\/lill\/wp-content\/uploads\/2017\/11\/2017-11-14_1845_001-300x58.png\" alt=\"\" width=\"419\" height=\"81\" srcset=\"https:\/\/lillberga.fi\/lill\/wp-content\/uploads\/2017\/11\/2017-11-14_1845_001-300x58.png 300w, https:\/\/lillberga.fi\/lill\/wp-content\/uploads\/2017\/11\/2017-11-14_1845_001-768x148.png 768w, https:\/\/lillberga.fi\/lill\/wp-content\/uploads\/2017\/11\/2017-11-14_1845_001.png 957w\" sizes=\"(max-width: 419px) 100vw, 419px\" \/><\/p>\n<p>&nbsp;<\/p>\n<p>&nbsp;<\/p>\n<p>&nbsp;<\/p>\n<p>V\u00e4rit ja tyylit on tarkemmin selvitetty rakanneustapaselostuksessa<a href=\"https:\/\/lillberga.fi\/lill\/wp-admin\" target=\"_blank\" rel=\"noopener\">.<\/a>[\/vc_column_text][\/vc_column][\/vc_row][vc_row row_height_percent=&#8221;0&#8243; overlay_alpha=&#8221;50&#8243; gutter_size=&#8221;3&#8243; column_width_percent=&#8221;100&#8243; shift_y=&#8221;0&#8243; z_index=&#8221;0&#8243; row_name=&#8221;Teeman_elementtej\u00e4&#8221;][vc_column width=&#8221;1\/1&#8243;][vc_gallery el_id=&#8221;gallery-298220&#8243; medias=&#8221;65581,65582,65583,65584,65585,65586,65587,65588,65589&#8243; gutter_size=&#8221;3&#8243; screen_lg=&#8221;1000&#8243; screen_md=&#8221;600&#8243; screen_sm=&#8221;480&#8243; single_overlay_opacity=&#8221;50&#8243; single_padding=&#8221;2&#8243; title=&#8221;Teeman elementtej\u00e4&#8221;][\/vc_column][\/vc_row][vc_row][vc_column width=&#8221;1\/1&#8243;][uncode_block id=&#8221;65574&#8243;][\/vc_column][\/vc_row]<\/p>\n<\/div>","protected":false},"excerpt":{"rendered":"<p>[vc_row][vc_column width=&#8221;1\/1&#8243;][vc_column_text uncode_shortcode_id=&#8221;952016&#8243;]Alueen talojen v\u00e4rej\u00e4 ja teemoja: KATTOV\u00c4RIT\u00a0 ovat\u00a0 harmaita Katon harjana on harjakatolle 1:2,5 eli n 22 ast. , [&hellip;]<\/p>\n","protected":false},"author":1,"featured_media":0,"parent":0,"menu_order":18,"comment_status":"closed","ping_status":"closed","template":"","meta":{"footnotes":""},"class_list":["post-65535","page","type-page","status-publish","hentry"],"_links":{"self":[{"href":"https:\/\/lillberga.fi\/lill\/wp-json\/wp\/v2\/pages\/65535","targetHints":{"allow":["GET"]}}],"collection":[{"href":"https:\/\/lillberga.fi\/lill\/wp-json\/wp\/v2\/pages"}],"about":[{"href":"https:\/\/lillberga.fi\/lill\/wp-json\/wp\/v2\/types\/page"}],"author":[{"embeddable":true,"href":"https:\/\/lillberga.fi\/lill\/wp-json\/wp\/v2\/users\/1"}],"replies":[{"embeddable":true,"href":"https:\/\/lillberga.fi\/lill\/wp-json\/wp\/v2\/comments?post=65535"}],"version-history":[{"count":0,"href":"https:\/\/lillberga.fi\/lill\/wp-json\/wp\/v2\/pages\/65535\/revisions"}],"wp:attachment":[{"href":"https:\/\/lillberga.fi\/lill\/wp-json\/wp\/v2\/media?parent=65535"}],"curies":[{"name":"wp","href":"https:\/\/api.w.org\/{rel}","templated":true}]}}