{"id":65525,"date":"2017-11-20T06:02:10","date_gmt":"2017-11-20T04:02:10","guid":{"rendered":"http:\/\/lillberga.fi\/lill\/?page_id=65525"},"modified":"2022-02-15T15:26:09","modified_gmt":"2022-02-15T13:26:09","slug":"taloja","status":"publish","type":"page","link":"https:\/\/lillberga.fi\/lill\/taloja\/","title":{"rendered":"TALOJA"},"content":{"rendered":"<div class=\"wpb-content-wrapper\"><p>[vc_row][vc_column column_width_percent=&#8221;100&#8243; gutter_size=&#8221;3&#8243; overlay_alpha=&#8221;50&#8243; shift_x=&#8221;0&#8243; shift_y=&#8221;0&#8243; shift_y_down=&#8221;0&#8243; z_index=&#8221;0&#8243; medium_width=&#8221;0&#8243; mobile_width=&#8221;0&#8243; width=&#8221;1\/1&#8243;][vc_gallery el_id=&#8221;gallery-167737&#8243; medias=&#8221;36,65904,34,65812,65909,65967,65819,24,23,19,22,28,29,20,33,32,30,37,75,76,65700,39,38,65923,66180&#8243; gallery_back_color=&#8221;color-lxmt&#8221; gutter_size=&#8221;3&#8243; screen_lg=&#8221;1000&#8243; screen_md=&#8221;600&#8243; screen_sm=&#8221;480&#8243; images_size=&#8221;sixteen-nine&#8221; single_overlay_opacity=&#8221;50&#8243; single_padding=&#8221;2&#8243;][\/vc_column][\/vc_row][vc_row][vc_column column_width_percent=&#8221;100&#8243; gutter_size=&#8221;3&#8243; font_family=&#8221;font-118492&#8243; overlay_alpha=&#8221;50&#8243; shift_x=&#8221;0&#8243; shift_y=&#8221;0&#8243; shift_y_down=&#8221;0&#8243; z_index=&#8221;0&#8243; medium_width=&#8221;0&#8243; mobile_width=&#8221;0&#8243; width=&#8221;1\/1&#8243;][vc_column_text]<\/p>\n<h2><span class=\"font-118492\">LILLBERGAN TALOT<\/span><\/h2>\n<p><span class=\"font-118492\">Lillbergan alueelle on tarkoitus pysytt\u00e4\u00e4 talot, jotka noudattavat Lyrossa m\u00e4\u00e4ritelty\u00e4\u00a0 tarkasti harkittua ja toisiinsa sopivaa teemaa. Se on m\u00e4\u00e4ritelty kortteleittain. Teemana on moderni, korkealatuinen, ajattomasti hyv\u00e4nn\u00e4k\u00f6inen ja klassisesti kaunis. Sellainen pit\u00e4\u00e4 arvostuksensa pidemp\u00e4\u00e4n kuin muoti-ilm\u00f6t. Jopa toivottavaa on tyylipuhdas funkkis, johon on otettu nykyajan henki mukaan.\u00a0 Alue on ajettu 5 erilaiseen alateemaan. Kaikilla alueilla on sallittu harmaa katto , harmaan s\u00e4vyt valkoisesta tumman harmaaseen, ja puus\u00e4vyt esimerkikisi terasseilla.\u00a0 Kattotasot on 0, 10 tai 22 astetta, harmonisena sarjana. Varsinkin 2 alueelle voi toteuttaa perinteisemp\u00e4\u00e4kin vaaleaa, klassista puutaloa.\u00a0\u00a0 1. Alue, k271,k272, on mustavalkoinen. 2. alue, k272,k273,k293,k294 vaaleita puutaloja. 3. alue on v\u00e4rikk\u00e4it\u00e4kin\u00a0 taloja loivalla rinteell\u00e4. 4.alue on yhti\u00f6muotoisia taloja, esimerkikisi paritaloja. 5. alue on Veikkolanpuro alueen laajennus ja mukainen, valittuna vaalea ja oranssin s\u00e4vyt, kuten kerma.<\/span><\/p>\n<p><span class=\"font-118492\">Alueelle on suunniteltu vuosikymmenten yhteenvetona ja suuren talotehtaan ja materiaalitoimittajien yhteisty\u00f6n\u00e4 suunniteltu Lillberga-mallisto. Lillberga-malli on modulaarinen, muovautuva, moderni, energiatehokas. Ideana on neli\u00f6nmuotoinen matalaenerginen perustalo,\u00a0 jonka ulkopuolelle saadaan ilmett\u00e4 ja funktionalismia erilaisilla terasseilla. Varsinkin rinneratkaisuun on suuniteltu k\u00e4ytett\u00e4v\u00e4n autokatoksen p\u00e4\u00e4lle rakennettua terassia, jossa on huikeat 35m2 pinta-ala, eli 2 autopaikan verran. Yksi versio on maan tasassa oleva lasitetty terassi, mik\u00e4 on edullinen ja toiviva ratkaisu. Lasitettu terassi voi olla my\u00f6s 2. kerroksessa ja alle j\u00e4\u00e4 terassi suojana lipan alle. Lippa on n 3,7 m korkeudessa, jotta alaterassi ei ole pime\u00e4 ja taloon tulee valoa.<\/span><\/p>\n<p><span class=\"font-118492\">Lillberga perustalo voidaan toteuttaa my\u00f6s pari tai kolmitalona, kytkettyn\u00e4 ym. Siin\u00e4 on yhten\u00e4 omintakoisena idena valmiiksi tehtaalla huolellisesti tehty katto, putkineen ja sis\u00e4kattoineen ja eristeinnen, joka voidaan nostaa talon pystytyksess\u00e4 s\u00e4\u00e4suojaksi valmiina. Rakenteen on ajateltu olevan peltikattoa r\u00e4yst\u00e4 alalaitaan asti, my\u00f6s sivut. Rakenne on siisti, pitk\u00e4ik\u00e4inen ja tyylik\u00e4s ja on ajateltu v\u00e4rilt\u00e4\u00e4n sopimaan 2 talon sivuun. T\u00e4m\u00e4 luo voippamaisen kokonaisuuden talon yli ja etel\u00e4- ja pohjoissivut erottuvat, ja t\u00e4m\u00e4 rikkoo monotonista laatikkovaikutelmaa. Keskell\u00e4 sein\u00e4\u00e4 on laatikkoa madaltava lista, joka on my\u00f6s vanhanaikainen tippalista kerrosten v\u00e4liss\u00e4 ja est\u00e4\u00e4 veden valumisen pitkin sein\u00e4\u00e4. Samalla se on eri kerrosten sauma. Suunnitelmissa on variaatio, jossa 2 harmaata sivusein\u00e4\u00e4 olisi muotoiltua pelti\u00e4, kuten moderneissa liikerakennuksissa.\u00a0\u00a0 N\u00e4in saadaan hoidetua kuivaketju ja varmistetaan, ettei rakenteisiin p\u00e4\u00e4se vett\u00e4. Talon pystytyksen on arvioitu kest\u00e4v\u00e4n 3 p\u00e4iv\u00e4\u00e4, joilloin ei sada. Lillbergatalon pinta-ala on n 144m2, josta n 7-10 m2 olisi varastoa tai asuintilaa. Talon voi toteuttaa my\u00f6s 2x 70 m2 luhtitalona varsinkin rinteess\u00e4 tai paritalona tai jakaa talo 2x 70m2 osaan. Suora ter\u00e4sportaikko vie n 3,7 m2, mutta on ilmava, l\u00e4hes eteerinen ja arkkitehtooninen elementti lasikaiteineen ja massiivipuuportaineen.\u00a0 Toteutuksessa on v\u00e4h\u00e4n kantavia seini\u00e4 ja seinien sijoittelu on helpompi muuttaa. Yl\u00e4kerran olohone on etusein\u00e4lt\u00e4\u00e4n noin 4,3 m korkea, ja sis\u00e4katto heijastaa varsinkin talvella valoa takaosiin kun aurinko paistaa\u00a0 n 10 asteen kulmassa. Etel\u00e4-l\u00e4nnen suurista ikkunoista piirtyy silmiin idyllinen j\u00e4rven rantamaisema.\u00a0 Talosta tulee varmatoiminen ja se jakaa massatuotannosta saadun laatu ja hintaedun, joka on merkitt\u00e4v\u00e4. Sarjassa voidaan suunnitella rakenteet hyvin ja niin ettei vesi tule sis\u00e4\u00e4n. Erkkerit on kokonaan talon ulkopuolella, eli terassina. Terassikin on ajateltu keramiseksi, mik\u00e4 kest\u00e4\u00e4 paremmin kuin puu ulkona. Ter\u00e4s tai alumiiniranteella saadaan terassi ja lasitukset toimiviksi ja siroiksi. Vaaleanharmaa h\u00e4iritsee v\u00e4hiten kokonaisuudessa ja sopii talon kokonaisuuteen ja tyyliin.<\/span><\/p>\n<p><span class=\"font-118492\">Tonteilla voidaan my\u00f6s k\u00e4ytt\u00e4\u00e4 muitakin taloja. On arvioitu, ett\u00e4 suurin osa tulee olemaan valmistaloja, josta alla on muutama malli, joita on k\u00e4ytetty suunnittelussa ja ne sopivat tonteille.<\/span><\/p>\n<p>[\/vc_column_text][\/vc_column][\/vc_row][vc_row][vc_column width=&#8221;1\/1&#8243;][uncode_block id=&#8221;65574&#8243;][\/vc_column][\/vc_row]<\/p>\n<\/div>","protected":false},"excerpt":{"rendered":"<p>[vc_row][vc_column column_width_percent=&#8221;100&#8243; gutter_size=&#8221;3&#8243; overlay_alpha=&#8221;50&#8243; shift_x=&#8221;0&#8243; shift_y=&#8221;0&#8243; shift_y_down=&#8221;0&#8243; z_index=&#8221;0&#8243; medium_width=&#8221;0&#8243; mobile_width=&#8221;0&#8243; width=&#8221;1\/1&#8243;][vc_gallery el_id=&#8221;gallery-167737&#8243; medias=&#8221;36,65904,34,65812,65909,65967,65819,24,23,19,22,28,29,20,33,32,30,37,75,76,65700,39,38,65923,66180&#8243; gallery_back_color=&#8221;color-lxmt&#8221; gutter_size=&#8221;3&#8243; screen_lg=&#8221;1000&#8243; screen_md=&#8221;600&#8243; screen_sm=&#8221;480&#8243; images_size=&#8221;sixteen-nine&#8221; single_overlay_opacity=&#8221;50&#8243; [&hellip;]<\/p>\n","protected":false},"author":1,"featured_media":0,"parent":0,"menu_order":17,"comment_status":"closed","ping_status":"closed","template":"","meta":{"footnotes":""},"class_list":["post-65525","page","type-page","status-publish","hentry"],"_links":{"self":[{"href":"https:\/\/lillberga.fi\/lill\/wp-json\/wp\/v2\/pages\/65525","targetHints":{"allow":["GET"]}}],"collection":[{"href":"https:\/\/lillberga.fi\/lill\/wp-json\/wp\/v2\/pages"}],"about":[{"href":"https:\/\/lillberga.fi\/lill\/wp-json\/wp\/v2\/types\/page"}],"author":[{"embeddable":true,"href":"https:\/\/lillberga.fi\/lill\/wp-json\/wp\/v2\/users\/1"}],"replies":[{"embeddable":true,"href":"https:\/\/lillberga.fi\/lill\/wp-json\/wp\/v2\/comments?post=65525"}],"version-history":[{"count":0,"href":"https:\/\/lillberga.fi\/lill\/wp-json\/wp\/v2\/pages\/65525\/revisions"}],"wp:attachment":[{"href":"https:\/\/lillberga.fi\/lill\/wp-json\/wp\/v2\/media?parent=65525"}],"curies":[{"name":"wp","href":"https:\/\/api.w.org\/{rel}","templated":true}]}}